{"id":62,"date":"2026-02-15T15:57:25","date_gmt":"2026-02-15T14:57:25","guid":{"rendered":"https:\/\/frot.pl\/?page_id=62"},"modified":"2026-02-16T11:45:37","modified_gmt":"2026-02-16T10:45:37","slug":"o-nas-2","status":"publish","type":"page","link":"https:\/\/frot.pl\/?page_id=62","title":{"rendered":"O nas"},"content":{"rendered":"\n<p>Fundacja powsta\u0142a z potrzeby serca &#8211; ale tak\u017ce z odpowiedzialno\u015bci.<\/p>\n\n\n\n<p>Tworzymy systemowe rozwi\u0105zania w obszarze:<\/p>\n\n\n\n<ul class=\"wp-block-list\">\n<li>przeciwdzia\u0142ania przemocy r\u00f3wie\u015bniczej,<\/li>\n\n\n\n<li>budowania \u015bwiadomo\u015bci i akceptacji neuror\u00f3\u017cnorodno\u015bci w szko\u0142ach,<\/li>\n\n\n\n<li>profilaktyki zachowa\u0144 samob\u00f3jczych,<\/li>\n\n\n\n<li>wspierania os\u00f3b w kryzysie psychicznym.<br><\/li>\n<\/ul>\n\n\n\n<blockquote class=\"wp-block-quote is-layout-flow wp-block-quote-is-layout-flow\">\n<p>Wierzymy, \u017ce szko\u0142a mo\u017ce by\u0107 miejscem, w kt\u00f3rym m\u0142ody cz\u0142owiek czuje si\u0119 bezpieczny.<br>Wierzymy, \u017ce rozmowa mo\u017ce uratowa\u0107 \u017cycie.<br>Wierzymy, \u017ce r\u00f3\u017cnorodno\u015b\u0107 jest warto\u015bci\u0105, nie problemem.<\/p>\n<\/blockquote>\n\n\n\n<p>Fundacja jest dla nas naturalnym rozwini\u0119ciem tego, co robi\u0142y\u015bmy &#8211; tylko w wi\u0119kszej skali.<\/p>\n\n\n\n<div class=\"wp-block-media-text is-stacked-on-mobile\"><figure class=\"wp-block-media-text__media\"><img loading=\"lazy\" decoding=\"async\" width=\"1024\" height=\"1024\" src=\"http:\/\/frot.pl\/wp-content\/uploads\/2026\/02\/Nasza-historia-1024x1024.png\" alt=\"\" class=\"wp-image-65 size-full\" srcset=\"https:\/\/frot.pl\/wp-content\/uploads\/2026\/02\/Nasza-historia-1024x1024.png 1024w, https:\/\/frot.pl\/wp-content\/uploads\/2026\/02\/Nasza-historia-300x300.png 300w, https:\/\/frot.pl\/wp-content\/uploads\/2026\/02\/Nasza-historia-150x150.png 150w, https:\/\/frot.pl\/wp-content\/uploads\/2026\/02\/Nasza-historia-768x768.png 768w, https:\/\/frot.pl\/wp-content\/uploads\/2026\/02\/Nasza-historia-600x600.png 600w, https:\/\/frot.pl\/wp-content\/uploads\/2026\/02\/Nasza-historia-100x100.png 100w, https:\/\/frot.pl\/wp-content\/uploads\/2026\/02\/Nasza-historia.png 1080w\" sizes=\"auto, (max-width: 1024px) 100vw, 1024px\" \/><\/figure><div class=\"wp-block-media-text__content\">\n<p class=\"has-text-align-center\">Pozna\u0142y\u015bmy si\u0119 na studiach i ju\u017c wtedy czu\u0142y\u015bmy, \u017ce nadajemy na tych samych falach. \u0141\u0105czy\u0142a nas wra\u017cliwo\u015b\u0107, uwa\u017cno\u015b\u0107 oraz g\u0142\u0119bokie przekonanie, \u017ce psychologia mo\u017ce by\u0107 realnym wsparciem, a nie tylko teori\u0105. Z czasem nasze drogi zawodowe naturalnie si\u0119 rozesz\u0142y, ka\u017cda z nas posz\u0142a w swoj\u0105 stron\u0119, zdobywaj\u0105c inne do\u015bwiadczenia i kompetencje, a dzi\u015b w\u0142a\u015bnie ta r\u00f3\u017cnorodno\u015b\u0107 jest nasz\u0105 si\u0142\u0105. \u0141\u0105czy nas pasja do wspierania, r\u00f3\u017cni \u015bcie\u017cka kszta\u0142cenia i praktyki, dzi\u0119ki czemu potrafimy patrze\u0107 na potrzeby ludzi z wielu perspektyw &#8211; szerzej, g\u0142\u0119biej i bardziej systemowo &#8211; i <strong>od pierwszego spotkania mia\u0142y\u015bmy poczucie, \u017ce kiedy\u015b stworzymy przestrze\u0144, w kt\u00f3rej ka\u017cdy b\u0119dzie m\u00f3g\u0142 poczu\u0107 si\u0119 widziany, wys\u0142uchany i wa\u017cny.<\/strong><\/p>\n<\/div><\/div>\n\n\n\n<div class=\"wp-block-media-text has-media-on-the-right is-stacked-on-mobile\"><div class=\"wp-block-media-text__content\">\n<p class=\"has-text-align-center\"><strong>Nasz\u0105 misj\u0105 jest tworzenie bezpiecznej, uwa\u017cnej przestrzeni, w kt\u00f3rej mo\u017cna wr\u00f3ci\u0107 do siebie i poczu\u0107 realne wsparcie<\/strong> &#8211; dla rodzic\u00f3w, dzieci i m\u0142odzie\u017cy, nauczycieli, szk\u00f3\u0142 buduj\u0105cych kultur\u0119 bezpiecze\u0144stwa oraz specjalist\u00f3w. Dzia\u0142amy w oparciu o uwa\u017cno\u015b\u0107, akceptacj\u0119 i sprawczo\u015b\u0107, wierz\u0105c, \u017ce skuteczna profilaktyka jest kluczem do trwa\u0142ej zmiany. Koncentrujemy si\u0119 na przeciwdzia\u0142aniu przemocy r\u00f3wie\u015bniczej, wspieraniu neuror\u00f3\u017cnorodno\u015bci w edukacji, profilaktyce zachowa\u0144 samob\u00f3jczych oraz wzmacnianiu kompetencji nauczycieli i rodzic\u00f3w.<\/p>\n<\/div><figure class=\"wp-block-media-text__media\"><img loading=\"lazy\" decoding=\"async\" width=\"1024\" height=\"1024\" src=\"http:\/\/frot.pl\/wp-content\/uploads\/2026\/02\/Misja-i-wartosci-1024x1024.png\" alt=\"\" class=\"wp-image-66 size-full\" srcset=\"https:\/\/frot.pl\/wp-content\/uploads\/2026\/02\/Misja-i-wartosci-1024x1024.png 1024w, https:\/\/frot.pl\/wp-content\/uploads\/2026\/02\/Misja-i-wartosci-300x300.png 300w, https:\/\/frot.pl\/wp-content\/uploads\/2026\/02\/Misja-i-wartosci-150x150.png 150w, https:\/\/frot.pl\/wp-content\/uploads\/2026\/02\/Misja-i-wartosci-768x768.png 768w, https:\/\/frot.pl\/wp-content\/uploads\/2026\/02\/Misja-i-wartosci-600x600.png 600w, https:\/\/frot.pl\/wp-content\/uploads\/2026\/02\/Misja-i-wartosci-100x100.png 100w, https:\/\/frot.pl\/wp-content\/uploads\/2026\/02\/Misja-i-wartosci.png 1080w\" sizes=\"auto, (max-width: 1024px) 100vw, 1024px\" \/><\/figure><\/div>\n\n\n\n<div class=\"wp-block-media-text is-stacked-on-mobile\"><figure class=\"wp-block-media-text__media\"><img loading=\"lazy\" decoding=\"async\" width=\"1024\" height=\"1024\" src=\"http:\/\/frot.pl\/wp-content\/uploads\/2026\/02\/Zespol-1024x1024.png\" alt=\"\" class=\"wp-image-67 size-full\" srcset=\"https:\/\/frot.pl\/wp-content\/uploads\/2026\/02\/Zespol-1024x1024.png 1024w, https:\/\/frot.pl\/wp-content\/uploads\/2026\/02\/Zespol-300x300.png 300w, https:\/\/frot.pl\/wp-content\/uploads\/2026\/02\/Zespol-150x150.png 150w, https:\/\/frot.pl\/wp-content\/uploads\/2026\/02\/Zespol-768x768.png 768w, https:\/\/frot.pl\/wp-content\/uploads\/2026\/02\/Zespol-600x600.png 600w, https:\/\/frot.pl\/wp-content\/uploads\/2026\/02\/Zespol-100x100.png 100w, https:\/\/frot.pl\/wp-content\/uploads\/2026\/02\/Zespol.png 1080w\" sizes=\"auto, (max-width: 1024px) 100vw, 1024px\" \/><\/figure><div class=\"wp-block-media-text__content\">\n<p class=\"has-text-align-center\"><strong>Ewelina Gawianowska<\/strong><br>Psycholog, Psychoterapeutka TSR (w procesie kszta\u0142cenia). W pracy \u0142\u0105czy uwa\u017cno\u015b\u0107 i mi\u0119kko\u015b\u0107 z konkretem. Wspiera osoby w kryzysie oraz w budowaniu sprawczo\u015bci, zasob\u00f3w i stabilizacji na co dzie\u0144. Pracuje w podej\u015bciu skoncentrowanym na rozwi\u0105zaniach, dbaj\u0105c o poczucie bezpiecze\u0144stwa, klarowno\u015b\u0107 cel\u00f3w i realne kroki do zmiany.<\/p>\n\n\n\n<p class=\"has-text-align-center\"><strong>Karolina Kotra-Konicka<\/strong><br>Psycholog diagnosta, Psychotraumatolog (w trakcie kszta\u0142cenia), coach. Wspiera dzieci, m\u0142odzie\u017c i doros\u0142ych, \u0142\u0105cz\u0105c perspektyw\u0119 diagnostyczn\u0105 z podej\u015bciem rozwojowym tak, by rekomendacje by\u0142y praktyczne, dopasowane i mo\u017cliwe do wdro\u017cenia w \u017cyciu oraz w \u015brodowisku szkolnym.<\/p>\n<\/div><\/div>\n","protected":false},"excerpt":{"rendered":"<p>Fundacja powsta\u0142a z potrzeby serca &#8211; ale tak\u017ce z odpowiedzialno\u015bci. Tworzymy systemowe rozwi\u0105zania w obszarze: Wierzymy, \u017ce szko\u0142a mo\u017ce by\u0107 miejscem, w kt\u00f3rym m\u0142ody cz\u0142owiek czuje si\u0119 bezpieczny.Wierzymy, \u017ce rozmowa mo\u017ce uratowa\u0107 \u017cycie.Wierzymy, \u017ce r\u00f3\u017cnorodno\u015b\u0107 jest warto\u015bci\u0105, nie problemem. Fundacja jest dla nas naturalnym rozwini\u0119ciem tego, co robi\u0142y\u015bmy &#8211; tylko w wi\u0119kszej skali. Pozna\u0142y\u015bmy si\u0119 [&hellip;]<\/p>\n","protected":false},"author":1,"featured_media":0,"parent":0,"menu_order":0,"comment_status":"closed","ping_status":"closed","template":"","meta":{"give_campaign_id":0,"footnotes":""},"class_list":["post-62","page","type-page","status-publish","hentry"],"campaignId":"","_links":{"self":[{"href":"https:\/\/frot.pl\/index.php?rest_route=\/wp\/v2\/pages\/62","targetHints":{"allow":["GET"]}}],"collection":[{"href":"https:\/\/frot.pl\/index.php?rest_route=\/wp\/v2\/pages"}],"about":[{"href":"https:\/\/frot.pl\/index.php?rest_route=\/wp\/v2\/types\/page"}],"author":[{"embeddable":true,"href":"https:\/\/frot.pl\/index.php?rest_route=\/wp\/v2\/users\/1"}],"replies":[{"embeddable":true,"href":"https:\/\/frot.pl\/index.php?rest_route=%2Fwp%2Fv2%2Fcomments&post=62"}],"version-history":[{"count":3,"href":"https:\/\/frot.pl\/index.php?rest_route=\/wp\/v2\/pages\/62\/revisions"}],"predecessor-version":[{"id":111,"href":"https:\/\/frot.pl\/index.php?rest_route=\/wp\/v2\/pages\/62\/revisions\/111"}],"wp:attachment":[{"href":"https:\/\/frot.pl\/index.php?rest_route=%2Fwp%2Fv2%2Fmedia&parent=62"}],"curies":[{"name":"wp","href":"https:\/\/api.w.org\/{rel}","templated":true}]}}